{"id":276,"date":"2020-07-27T12:20:21","date_gmt":"2020-07-27T12:20:21","guid":{"rendered":"https:\/\/mastercleanlimpiezas.com\/?page_id=276"},"modified":"2020-07-27T12:20:22","modified_gmt":"2020-07-27T12:20:22","slug":"desinfeccion-de-la-comunidad","status":"publish","type":"page","link":"https:\/\/mastercleanlimpiezas.com\/index.php\/desinfeccion-de-la-comunidad\/","title":{"rendered":"Desinfecci\u00f3n de la Comunidad"},"content":{"rendered":"\n<div class=\"wp-block-media-text alignwide has-media-on-the-right is-stacked-on-mobile\"><figure class=\"wp-block-media-text__media\"><img loading=\"lazy\" decoding=\"async\" width=\"1024\" height=\"700\" src=\"https:\/\/mastercleanlimpiezas.com\/wp-content\/uploads\/2020\/07\/gloves-5155220_1920-e1595850307803-1024x700.jpg\" alt=\"\" class=\"wp-image-278\" srcset=\"https:\/\/mastercleanlimpiezas.com\/wp-content\/uploads\/2020\/07\/gloves-5155220_1920-e1595850307803-1024x700.jpg 1024w, https:\/\/mastercleanlimpiezas.com\/wp-content\/uploads\/2020\/07\/gloves-5155220_1920-e1595850307803-300x205.jpg 300w, https:\/\/mastercleanlimpiezas.com\/wp-content\/uploads\/2020\/07\/gloves-5155220_1920-e1595850307803-768x525.jpg 768w, https:\/\/mastercleanlimpiezas.com\/wp-content\/uploads\/2020\/07\/gloves-5155220_1920-e1595850307803-1536x1050.jpg 1536w, https:\/\/mastercleanlimpiezas.com\/wp-content\/uploads\/2020\/07\/gloves-5155220_1920-e1595850307803.jpg 1545w\" sizes=\"auto, (max-width: 706px) 89vw, (max-width: 767px) 82vw, 740px\" \/><\/figure><div class=\"wp-block-media-text__content\">\n<p class=\"has-large-font-size\">Desinfecci\u00f3n<\/p>\n<\/div><\/div>\n\n\n\n<p>Realizamos la desinfecci\u00f3n de toda el \u00e1rea de su comunidad. Nuestro personal realizara la limpieza con los materiales y la protecci\u00f3n adecuada. Contamos con productos especiales para desinfectar las zonas de alto contacto diario como son:  acceso al ascensor, portal comunitario, escaleras de todo el edificio.<\/p>\n\n\n\n<p>En nuestro plan de limpieza mensual existe la posibilidad de a\u00f1adir la desinfecci\u00f3n peri\u00f3dica los meses que considere necesario para el cuidado de todos los vecinos. <\/p>\n\n\n\n<p>Tambi\u00e9n como plan especial a nuestros nuevos clientes y debido a la situaci\u00f3n actual estamos regalando con los nuevos planes de limpieza contratados una desinfecci\u00f3n gratuita al comienzo de los servicios contratados. <\/p>\n","protected":false},"excerpt":{"rendered":"<p>Desinfecci\u00f3n Realizamos la desinfecci\u00f3n de toda el \u00e1rea de su comunidad. Nuestro personal realizara la limpieza con los materiales y la protecci\u00f3n adecuada. Contamos con productos especiales para desinfectar las zonas de alto contacto diario como son: acceso al ascensor, portal comunitario, escaleras de todo el edificio. En nuestro plan de limpieza mensual existe la &hellip; <\/p>\n<p class=\"link-more\"><a href=\"https:\/\/mastercleanlimpiezas.com\/index.php\/desinfeccion-de-la-comunidad\/\" class=\"more-link\">Continuar leyendo<span class=\"screen-reader-text\"> \u00abDesinfecci\u00f3n de la Comunidad\u00bb<\/span><\/a><\/p>\n","protected":false},"author":1,"featured_media":0,"parent":0,"menu_order":0,"comment_status":"closed","ping_status":"closed","template":"","meta":{"_themeisle_gutenberg_block_has_review":false,"footnotes":""},"class_list":["post-276","page","type-page","status-publish","hentry"],"yoast_head":"<!-- This site is optimized with the Yoast SEO plugin v26.8 - https:\/\/yoast.com\/product\/yoast-seo-wordpress\/ -->\n<title>Desinfecci\u00f3n de la Comunidad - MasterClean Limpiezas<\/title>\n<meta name=\"robots\" content=\"index, follow, max-snippet:-1, max-image-preview:large, max-video-preview:-1\" \/>\n<link rel=\"canonical\" href=\"https:\/\/mastercleanlimpiezas.com\/index.php\/desinfeccion-de-la-comunidad\/\" \/>\n<meta property=\"og:locale\" content=\"es_ES\" \/>\n<meta property=\"og:type\" content=\"article\" \/>\n<meta property=\"og:title\" content=\"Desinfecci\u00f3n de la Comunidad - MasterClean Limpiezas\" \/>\n<meta property=\"og:description\" content=\"Desinfecci\u00f3n Realizamos la desinfecci\u00f3n de toda el \u00e1rea de su comunidad. Nuestro personal realizara la limpieza con los materiales y la protecci\u00f3n adecuada. Contamos con productos especiales para desinfectar las zonas de alto contacto diario como son: acceso al ascensor, portal comunitario, escaleras de todo el edificio. En nuestro plan de limpieza mensual existe la &hellip; Continuar leyendo &quot;Desinfecci\u00f3n de la Comunidad&quot;\" \/>\n<meta property=\"og:url\" content=\"https:\/\/mastercleanlimpiezas.com\/index.php\/desinfeccion-de-la-comunidad\/\" \/>\n<meta property=\"og:site_name\" content=\"MasterClean Limpiezas\" \/>\n<meta property=\"article:publisher\" content=\"https:\/\/www.facebook.com\/mastercleanlimpiezas\/\" \/>\n<meta property=\"article:modified_time\" content=\"2020-07-27T12:20:22+00:00\" \/>\n<meta property=\"og:image\" content=\"https:\/\/mastercleanlimpiezas.com\/wp-content\/uploads\/2020\/07\/gloves-5155220_1920-e1595850307803-1024x700.jpg\" \/>\n<meta name=\"twitter:card\" content=\"summary_large_image\" \/>\n<meta name=\"twitter:label1\" content=\"Tiempo de lectura\" \/>\n\t<meta name=\"twitter:data1\" content=\"1 minuto\" \/>\n<script type=\"application\/ld+json\" class=\"yoast-schema-graph\">{\"@context\":\"https:\/\/schema.org\",\"@graph\":[{\"@type\":\"WebPage\",\"@id\":\"https:\/\/mastercleanlimpiezas.com\/index.php\/desinfeccion-de-la-comunidad\/\",\"url\":\"https:\/\/mastercleanlimpiezas.com\/index.php\/desinfeccion-de-la-comunidad\/\",\"name\":\"Desinfecci\u00f3n de la Comunidad - MasterClean Limpiezas\",\"isPartOf\":{\"@id\":\"https:\/\/mastercleanlimpiezas.com\/#website\"},\"primaryImageOfPage\":{\"@id\":\"https:\/\/mastercleanlimpiezas.com\/index.php\/desinfeccion-de-la-comunidad\/#primaryimage\"},\"image\":{\"@id\":\"https:\/\/mastercleanlimpiezas.com\/index.php\/desinfeccion-de-la-comunidad\/#primaryimage\"},\"thumbnailUrl\":\"https:\/\/mastercleanlimpiezas.com\/wp-content\/uploads\/2020\/07\/gloves-5155220_1920-e1595850307803-1024x700.jpg\",\"datePublished\":\"2020-07-27T12:20:21+00:00\",\"dateModified\":\"2020-07-27T12:20:22+00:00\",\"breadcrumb\":{\"@id\":\"https:\/\/mastercleanlimpiezas.com\/index.php\/desinfeccion-de-la-comunidad\/#breadcrumb\"},\"inLanguage\":\"es\",\"potentialAction\":[{\"@type\":\"ReadAction\",\"target\":[\"https:\/\/mastercleanlimpiezas.com\/index.php\/desinfeccion-de-la-comunidad\/\"]}]},{\"@type\":\"ImageObject\",\"inLanguage\":\"es\",\"@id\":\"https:\/\/mastercleanlimpiezas.com\/index.php\/desinfeccion-de-la-comunidad\/#primaryimage\",\"url\":\"https:\/\/mastercleanlimpiezas.com\/wp-content\/uploads\/2020\/07\/gloves-5155220_1920-e1595850307803.jpg\",\"contentUrl\":\"https:\/\/mastercleanlimpiezas.com\/wp-content\/uploads\/2020\/07\/gloves-5155220_1920-e1595850307803.jpg\",\"width\":1545,\"height\":1056,\"caption\":\"Desinfecci\u00f3n de comunidad\"},{\"@type\":\"BreadcrumbList\",\"@id\":\"https:\/\/mastercleanlimpiezas.com\/index.php\/desinfeccion-de-la-comunidad\/#breadcrumb\",\"itemListElement\":[{\"@type\":\"ListItem\",\"position\":1,\"name\":\"Portada\",\"item\":\"https:\/\/mastercleanlimpiezas.com\/\"},{\"@type\":\"ListItem\",\"position\":2,\"name\":\"Desinfecci\u00f3n de la Comunidad\"}]},{\"@type\":\"WebSite\",\"@id\":\"https:\/\/mastercleanlimpiezas.com\/#website\",\"url\":\"https:\/\/mastercleanlimpiezas.com\/\",\"name\":\"MasterClean Limpiezas\",\"description\":\"Mantenimiento de comunidades\",\"publisher\":{\"@id\":\"https:\/\/mastercleanlimpiezas.com\/#organization\"},\"potentialAction\":[{\"@type\":\"SearchAction\",\"target\":{\"@type\":\"EntryPoint\",\"urlTemplate\":\"https:\/\/mastercleanlimpiezas.com\/?s={search_term_string}\"},\"query-input\":{\"@type\":\"PropertyValueSpecification\",\"valueRequired\":true,\"valueName\":\"search_term_string\"}}],\"inLanguage\":\"es\"},{\"@type\":\"Organization\",\"@id\":\"https:\/\/mastercleanlimpiezas.com\/#organization\",\"name\":\"MasterClean Limpiezas\",\"url\":\"https:\/\/mastercleanlimpiezas.com\/\",\"logo\":{\"@type\":\"ImageObject\",\"inLanguage\":\"es\",\"@id\":\"https:\/\/mastercleanlimpiezas.com\/#\/schema\/logo\/image\/\",\"url\":\"https:\/\/mastercleanlimpiezas.com\/wp-content\/uploads\/2019\/11\/Sin-t\u00edtulo.png\",\"contentUrl\":\"https:\/\/mastercleanlimpiezas.com\/wp-content\/uploads\/2019\/11\/Sin-t\u00edtulo.png\",\"width\":300,\"height\":81,\"caption\":\"MasterClean Limpiezas\"},\"image\":{\"@id\":\"https:\/\/mastercleanlimpiezas.com\/#\/schema\/logo\/image\/\"},\"sameAs\":[\"https:\/\/www.facebook.com\/mastercleanlimpiezas\/\",\"https:\/\/www.instagram.com\/mastercleanlimpiezas\/\"]}]}<\/script>\n<!-- \/ Yoast SEO plugin. -->","yoast_head_json":{"title":"Desinfecci\u00f3n de la Comunidad - MasterClean Limpiezas","robots":{"index":"index","follow":"follow","max-snippet":"max-snippet:-1","max-image-preview":"max-image-preview:large","max-video-preview":"max-video-preview:-1"},"canonical":"https:\/\/mastercleanlimpiezas.com\/index.php\/desinfeccion-de-la-comunidad\/","og_locale":"es_ES","og_type":"article","og_title":"Desinfecci\u00f3n de la Comunidad - MasterClean Limpiezas","og_description":"Desinfecci\u00f3n Realizamos la desinfecci\u00f3n de toda el \u00e1rea de su comunidad. Nuestro personal realizara la limpieza con los materiales y la protecci\u00f3n adecuada. Contamos con productos especiales para desinfectar las zonas de alto contacto diario como son: acceso al ascensor, portal comunitario, escaleras de todo el edificio. En nuestro plan de limpieza mensual existe la &hellip; Continuar leyendo \"Desinfecci\u00f3n de la Comunidad\"","og_url":"https:\/\/mastercleanlimpiezas.com\/index.php\/desinfeccion-de-la-comunidad\/","og_site_name":"MasterClean Limpiezas","article_publisher":"https:\/\/www.facebook.com\/mastercleanlimpiezas\/","article_modified_time":"2020-07-27T12:20:22+00:00","og_image":[{"url":"https:\/\/mastercleanlimpiezas.com\/wp-content\/uploads\/2020\/07\/gloves-5155220_1920-e1595850307803-1024x700.jpg","type":"","width":"","height":""}],"twitter_card":"summary_large_image","twitter_misc":{"Tiempo de lectura":"1 minuto"},"schema":{"@context":"https:\/\/schema.org","@graph":[{"@type":"WebPage","@id":"https:\/\/mastercleanlimpiezas.com\/index.php\/desinfeccion-de-la-comunidad\/","url":"https:\/\/mastercleanlimpiezas.com\/index.php\/desinfeccion-de-la-comunidad\/","name":"Desinfecci\u00f3n de la Comunidad - MasterClean Limpiezas","isPartOf":{"@id":"https:\/\/mastercleanlimpiezas.com\/#website"},"primaryImageOfPage":{"@id":"https:\/\/mastercleanlimpiezas.com\/index.php\/desinfeccion-de-la-comunidad\/#primaryimage"},"image":{"@id":"https:\/\/mastercleanlimpiezas.com\/index.php\/desinfeccion-de-la-comunidad\/#primaryimage"},"thumbnailUrl":"https:\/\/mastercleanlimpiezas.com\/wp-content\/uploads\/2020\/07\/gloves-5155220_1920-e1595850307803-1024x700.jpg","datePublished":"2020-07-27T12:20:21+00:00","dateModified":"2020-07-27T12:20:22+00:00","breadcrumb":{"@id":"https:\/\/mastercleanlimpiezas.com\/index.php\/desinfeccion-de-la-comunidad\/#breadcrumb"},"inLanguage":"es","potentialAction":[{"@type":"ReadAction","target":["https:\/\/mastercleanlimpiezas.com\/index.php\/desinfeccion-de-la-comunidad\/"]}]},{"@type":"ImageObject","inLanguage":"es","@id":"https:\/\/mastercleanlimpiezas.com\/index.php\/desinfeccion-de-la-comunidad\/#primaryimage","url":"https:\/\/mastercleanlimpiezas.com\/wp-content\/uploads\/2020\/07\/gloves-5155220_1920-e1595850307803.jpg","contentUrl":"https:\/\/mastercleanlimpiezas.com\/wp-content\/uploads\/2020\/07\/gloves-5155220_1920-e1595850307803.jpg","width":1545,"height":1056,"caption":"Desinfecci\u00f3n de comunidad"},{"@type":"BreadcrumbList","@id":"https:\/\/mastercleanlimpiezas.com\/index.php\/desinfeccion-de-la-comunidad\/#breadcrumb","itemListElement":[{"@type":"ListItem","position":1,"name":"Portada","item":"https:\/\/mastercleanlimpiezas.com\/"},{"@type":"ListItem","position":2,"name":"Desinfecci\u00f3n de la Comunidad"}]},{"@type":"WebSite","@id":"https:\/\/mastercleanlimpiezas.com\/#website","url":"https:\/\/mastercleanlimpiezas.com\/","name":"MasterClean Limpiezas","description":"Mantenimiento de comunidades","publisher":{"@id":"https:\/\/mastercleanlimpiezas.com\/#organization"},"potentialAction":[{"@type":"SearchAction","target":{"@type":"EntryPoint","urlTemplate":"https:\/\/mastercleanlimpiezas.com\/?s={search_term_string}"},"query-input":{"@type":"PropertyValueSpecification","valueRequired":true,"valueName":"search_term_string"}}],"inLanguage":"es"},{"@type":"Organization","@id":"https:\/\/mastercleanlimpiezas.com\/#organization","name":"MasterClean Limpiezas","url":"https:\/\/mastercleanlimpiezas.com\/","logo":{"@type":"ImageObject","inLanguage":"es","@id":"https:\/\/mastercleanlimpiezas.com\/#\/schema\/logo\/image\/","url":"https:\/\/mastercleanlimpiezas.com\/wp-content\/uploads\/2019\/11\/Sin-t\u00edtulo.png","contentUrl":"https:\/\/mastercleanlimpiezas.com\/wp-content\/uploads\/2019\/11\/Sin-t\u00edtulo.png","width":300,"height":81,"caption":"MasterClean Limpiezas"},"image":{"@id":"https:\/\/mastercleanlimpiezas.com\/#\/schema\/logo\/image\/"},"sameAs":["https:\/\/www.facebook.com\/mastercleanlimpiezas\/","https:\/\/www.instagram.com\/mastercleanlimpiezas\/"]}]}},"_links":{"self":[{"href":"https:\/\/mastercleanlimpiezas.com\/index.php\/wp-json\/wp\/v2\/pages\/276","targetHints":{"allow":["GET"]}}],"collection":[{"href":"https:\/\/mastercleanlimpiezas.com\/index.php\/wp-json\/wp\/v2\/pages"}],"about":[{"href":"https:\/\/mastercleanlimpiezas.com\/index.php\/wp-json\/wp\/v2\/types\/page"}],"author":[{"embeddable":true,"href":"https:\/\/mastercleanlimpiezas.com\/index.php\/wp-json\/wp\/v2\/users\/1"}],"replies":[{"embeddable":true,"href":"https:\/\/mastercleanlimpiezas.com\/index.php\/wp-json\/wp\/v2\/comments?post=276"}],"version-history":[{"count":3,"href":"https:\/\/mastercleanlimpiezas.com\/index.php\/wp-json\/wp\/v2\/pages\/276\/revisions"}],"predecessor-version":[{"id":291,"href":"https:\/\/mastercleanlimpiezas.com\/index.php\/wp-json\/wp\/v2\/pages\/276\/revisions\/291"}],"wp:attachment":[{"href":"https:\/\/mastercleanlimpiezas.com\/index.php\/wp-json\/wp\/v2\/media?parent=276"}],"curies":[{"name":"wp","href":"https:\/\/api.w.org\/{rel}","templated":true}]}}